{"id":1238,"date":"2023-10-12T14:30:35","date_gmt":"2023-10-12T12:30:35","guid":{"rendered":"https:\/\/www.belectric-relaunch.srv-3wm-007.de\/?page_id=1238"},"modified":"2024-11-21T09:43:17","modified_gmt":"2024-11-21T08:43:17","slug":"projekte","status":"publish","type":"page","link":"https:\/\/belectric.com\/de\/projekte\/","title":{"rendered":"Photovoltaik-Projekte"},"content":{"rendered":"\n<p>Ob Deutschland, Chile oder Australien \u2013 wir haben schon in den unterschiedlichsten Ecken der Welt Photovoltaik-Projekte entwickelt und umgesetzt. Knifflige Gegebenheiten vor Ort sind f\u00fcr uns kein Hindernis, sondern vielmehr ein Ansporn. Das belegen&nbsp;<strong>mehr als 500 realisierte PV- und Batteriespeicher-Systeme<\/strong>&nbsp;seit unserer Gr\u00fcndung im Jahr 2001 \u2013 vom schwimmenden Solarkraftwerk in Israel bis zur gr\u00f6\u00dften, unabh\u00e4ngigen PV-Anlage Deutschlands.<\/p>\n\n\n\n<p>Nachfolgend finden Sie eine Auflistung aller unserer bereits realisierten Photovoltaik-Projekte sowie der Solaranlagen und Batteriespeichersysteme, die sich gerade noch im Bau befinden, mit ihrer Nennleistung und Inbetriebnahme.<\/p>\n\n\n\n<div style=\"height:100px\" aria-hidden=\"true\" class=\"wp-block-spacer\"><\/div>\n\n\n\n<h3 class=\"wp-block-heading has-text-align-center has-primary-color has-text-color has-link-color wp-elements-38ef28dbaa787d7ec6a8b4ea9861a131\">Unsere Projekte<\/h3>\n\n\n\n<div style=\"height:50px\" aria-hidden=\"true\" class=\"wp-block-spacer\"><\/div>\n\n\n\r\n<article class=\"belectric-projects\" data-country-filter=\"none\">\r\n    <div class=\"project-list-preload\">\r\n\t\t\t\t\t\t\t            <div class=\"project\" data-category=\"\">\r\n                <img decoding=\"async\" class=\"project-image\" src=\"https:\/\/belectric.com\/wp-content\/uploads\/2024\/08\/Belectric_PVC-Park-6_Herlheim_bearbeitet-768x512.jpg\" alt=\"Sas van Gent &#8211; Niederlande\">\r\n                <div class=\"project-content\">\r\n                    <h2 class=\"project-title\">Sas van Gent &#8211; Niederlande<\/h2>\r\n                    <p><!-- wp:paragraph -->\n<p>Nennleistung: 19,02 MWp<br>im Bau<\/p>\n<!-- \/wp:paragraph --><\/p>\r\n                <\/div>\r\n            <\/div>\r\n\t\t\t\t\t            <div class=\"project\" data-category=\"\">\r\n                <img decoding=\"async\" class=\"project-image\" src=\"https:\/\/belectric.com\/wp-content\/uploads\/2024\/08\/Belectric_PVC-Park-6_Herlheim_bearbeitet-768x512.jpg\" alt=\"Cayton (High Cayton) &#8211; UK\">\r\n                <div class=\"project-content\">\r\n                    <h2 class=\"project-title\">Cayton (High Cayton) &#8211; UK<\/h2>\r\n                    <p><!-- wp:paragraph -->\n<p>Nennleistung: 68 MW dc &#8211; 49 MW ac<br>Im Bau<\/p>\n<!-- \/wp:paragraph --><\/p>\r\n                <\/div>\r\n            <\/div>\r\n\t\t\t\t\t            <div class=\"project\" data-category=\"\">\r\n                <img decoding=\"async\" class=\"project-image\" src=\"https:\/\/belectric.com\/wp-content\/uploads\/2024\/08\/Belectric_PVC-Park-6_Herlheim_bearbeitet-768x512.jpg\" alt=\"Clifford Chambers (Atherstone) &#8211; UK\">\r\n                <div class=\"project-content\">\r\n                    <h2 class=\"project-title\">Clifford Chambers (Atherstone) &#8211; UK<\/h2>\r\n                    <p><!-- wp:paragraph -->\n<p>Nennleistung: 39 MW dc &#8211; 26 MW ac<br>im Bau<\/p>\n<!-- \/wp:paragraph --><\/p>\r\n                <\/div>\r\n            <\/div>\r\n\t\t\t\t\t            <div class=\"project\" data-category=\"\">\r\n                <img decoding=\"async\" class=\"project-image\" src=\"https:\/\/belectric.com\/wp-content\/uploads\/2026\/03\/Project_Goirle-768x614.gif\" alt=\"Goirle &#8211; Niederlande\">\r\n                <div class=\"project-content\">\r\n                    <h2 class=\"project-title\">Goirle &#8211; Niederlande<\/h2>\r\n                    <p><!-- wp:paragraph -->\n<p id=\"block-bb92a393-81b0-4a6e-b8cf-a600cbb80274\">Nennleistung: 14,43 MWp<br>Inbetriebnahme: 2026<\/p>\n<!-- \/wp:paragraph --><\/p>\r\n                <\/div>\r\n            <\/div>\r\n\t\t\t\t\t            <div class=\"project\" data-category=\"\">\r\n                <img decoding=\"async\" class=\"project-image\" src=\"https:\/\/belectric.com\/wp-content\/uploads\/2026\/01\/Project_RagLane-1.gif\" alt=\"Rag Lane \u2013 UK\">\r\n                <div class=\"project-content\">\r\n                    <h2 class=\"project-title\">Rag Lane \u2013 UK<\/h2>\r\n                    <p><!-- wp:paragraph -->\n<p id=\"block-005d7d83-5e48-492b-8484-f9ddadffed3a\">Nennleistung: 51,93 MWp<br>im Bau<\/p>\n<!-- \/wp:paragraph --><\/p>\r\n                <\/div>\r\n            <\/div>\r\n\t\t\t\t\t            <div class=\"project\" data-category=\"\">\r\n                <img decoding=\"async\" class=\"project-image\" src=\"https:\/\/belectric.com\/wp-content\/uploads\/2025\/11\/Eekerpolder_Phase1_Sunspot-768x456.jpg\" alt=\"Eekerpolder &#8211; Niederlande\">\r\n                <div class=\"project-content\">\r\n                    <h2 class=\"project-title\">Eekerpolder &#8211; Niederlande<\/h2>\r\n                    <p><!-- wp:paragraph -->\n<p>Nennleistung: 192 MWp<br>im Bau<\/p>\n<!-- \/wp:paragraph -->\n\n<!-- wp:paragraph -->\n<p><\/p>\n<!-- \/wp:paragraph --><\/p>\r\n                <\/div>\r\n            <\/div>\r\n\t\t\t\t\t            <div class=\"project\" data-category=\"\">\r\n                <img decoding=\"async\" class=\"project-image\" src=\"https:\/\/belectric.com\/wp-content\/uploads\/2024\/08\/Belectric_PVC-Park-6_Herlheim_bearbeitet-768x512.jpg\" alt=\"Aliaga &#8211; Spanien\">\r\n                <div class=\"project-content\">\r\n                    <h2 class=\"project-title\">Aliaga &#8211; Spanien<\/h2>\r\n                    <p><!-- wp:paragraph -->\n<p>Nennleistung: 50 MWp<br>im Bau<\/p>\n<!-- \/wp:paragraph -->\n\n<!-- wp:paragraph -->\n<p><\/p>\n<!-- \/wp:paragraph --><\/p>\r\n                <\/div>\r\n            <\/div>\r\n\t\t\t\t\t            <div class=\"project\" data-category=\"\">\r\n                <img decoding=\"async\" class=\"project-image\" src=\"https:\/\/belectric.com\/wp-content\/uploads\/2024\/08\/Belectric_PVC-Park-6_Herlheim_bearbeitet-768x512.jpg\" alt=\"Nevendon B &#8211; UK\">\r\n                <div class=\"project-content\">\r\n                    <h2 class=\"project-title\">Nevendon B &#8211; UK<\/h2>\r\n                    <p><!-- wp:paragraph -->\n<p>Nennleistung: 30,00 MWp<br>im Bau<\/p>\n<!-- \/wp:paragraph --><\/p>\r\n                <\/div>\r\n            <\/div>\r\n\t\t\t\t\t            <div class=\"project\" data-category=\"\">\r\n                <img decoding=\"async\" class=\"project-image\" src=\"https:\/\/belectric.com\/wp-content\/uploads\/2025\/08\/Project_Tidhar-768x432.jpg\" alt=\"Tidhar &#8211; Israel\">\r\n                <div class=\"project-content\">\r\n                    <h2 class=\"project-title\">Tidhar &#8211; Israel<\/h2>\r\n                    <p><!-- wp:paragraph -->\n<p>Nennleistung: 10,42 MWp<br>Inbetriebnahme: 2025<\/p>\n<!-- \/wp:paragraph -->\n\n<!-- wp:paragraph -->\n<p><\/p>\n<!-- \/wp:paragraph --><\/p>\r\n                <\/div>\r\n            <\/div>\r\n\t\t    <\/div>\r\n    <div class=\"belectric-spinner\">\r\n        <div class=\"belectric-spinner-circle\"><\/div>\r\n    <\/div>\r\n    <div class=\"filter-bar hidden transition-300\">\r\n        <label dir=\"auto\">Projektfilter            <select dir=\"auto\">\r\n                <option value=\"0\" data-category=\"0\" selected>Alle<\/option>\r\n                <option value=\"1\">Batteriespeicher<\/option>\r\n                <option value=\"2\">Floating PV<\/option>\r\n                <option value=\"3\">Hybridanlagen<\/option>\r\n                <option value=\"4\">Repowering<\/option>\r\n                <option value=\"5\">Solaranlagen<\/option>\r\n            <\/select>\r\n        <\/label>\r\n    <\/div>\r\n    <div class=\"project-list hidden transition-300\">\r\n    <\/div>\r\n<\/article>\r\n","protected":false},"excerpt":{"rendered":"<p>Ob Deutschland, Chile oder Australien \u2013 wir haben schon in den unterschiedlichsten Ecken der Welt Photovoltaik-Projekte entwickelt und umgesetzt. Knifflige Gegebenheiten vor Ort sind f\u00fcr uns kein Hindernis, sondern vielmehr ein Ansporn. Das belegen&nbsp;mehr als 500 realisierte PV- und Batteriespeicher-Systeme&nbsp;seit unserer Gr\u00fcndung im Jahr 2001 \u2013 vom schwimmenden Solarkraftwerk in Israel bis zur gr\u00f6\u00dften, unabh\u00e4ngigen&#8230;<\/p>\n","protected":false},"author":1,"featured_media":0,"parent":0,"menu_order":0,"comment_status":"closed","ping_status":"closed","template":"","meta":{"_acf_changed":false,"footnotes":""},"class_list":["post-1238","page","type-page","status-publish","hentry"],"acf":[],"yoast_head":"<!-- This site is optimized with the Yoast SEO plugin v27.5 - https:\/\/yoast.com\/product\/yoast-seo-wordpress\/ -->\n<title>Photovoltaik-Projekte: Erfolgsgeschichten - BELECTRIC<\/title>\n<meta name=\"description\" content=\"Seit unserem Gr\u00fcndungsjahr 2001 haben wir bei BELECTRIC weltweit mehr als 500 Photovoltaik-Projekte umgesetzt.\" \/>\n<meta name=\"robots\" content=\"index, follow, max-snippet:-1, max-image-preview:large, max-video-preview:-1\" \/>\n<link rel=\"canonical\" href=\"https:\/\/belectric.com\/de\/projekte\/\" \/>\n<meta property=\"og:locale\" content=\"de_DE\" \/>\n<meta property=\"og:type\" content=\"article\" \/>\n<meta property=\"og:title\" content=\"Photovoltaik-Projekte: Erfolgsgeschichten - BELECTRIC\" \/>\n<meta property=\"og:description\" content=\"Seit unserem Gr\u00fcndungsjahr 2001 haben wir bei BELECTRIC weltweit mehr als 500 Photovoltaik-Projekte umgesetzt.\" \/>\n<meta property=\"og:url\" content=\"https:\/\/belectric.com\/de\/projekte\/\" \/>\n<meta property=\"og:site_name\" content=\"BELECTRIC\" \/>\n<meta property=\"article:publisher\" content=\"https:\/\/www.facebook.com\/belectric.solar\/\" \/>\n<meta property=\"article:modified_time\" content=\"2024-11-21T08:43:17+00:00\" \/>\n<meta property=\"og:image\" content=\"https:\/\/belectric.com\/wp-content\/uploads\/2024\/07\/large-scale-photovoltaic-plants-floating-pv-1024x693.png\" \/>\n\t<meta property=\"og:image:width\" content=\"1024\" \/>\n\t<meta property=\"og:image:height\" content=\"693\" \/>\n\t<meta property=\"og:image:type\" content=\"image\/png\" \/>\n<meta name=\"twitter:card\" content=\"summary_large_image\" \/>\n<meta name=\"twitter:label1\" content=\"Gesch\u00e4tzte Lesezeit\" \/>\n\t<meta name=\"twitter:data1\" content=\"1\u00a0Minute\" \/>\n<script type=\"application\/ld+json\" class=\"yoast-schema-graph\">{\"@context\":\"https:\\\/\\\/schema.org\",\"@graph\":[{\"@type\":\"WebPage\",\"@id\":\"https:\\\/\\\/belectric.com\\\/de\\\/projekte\\\/\",\"url\":\"https:\\\/\\\/belectric.com\\\/de\\\/projekte\\\/\",\"name\":\"Photovoltaik-Projekte: Erfolgsgeschichten - BELECTRIC\",\"isPartOf\":{\"@id\":\"https:\\\/\\\/belectric.com\\\/de\\\/#website\"},\"datePublished\":\"2023-10-12T12:30:35+00:00\",\"dateModified\":\"2024-11-21T08:43:17+00:00\",\"description\":\"Seit unserem Gr\u00fcndungsjahr 2001 haben wir bei BELECTRIC weltweit mehr als 500 Photovoltaik-Projekte umgesetzt.\",\"breadcrumb\":{\"@id\":\"https:\\\/\\\/belectric.com\\\/de\\\/projekte\\\/#breadcrumb\"},\"inLanguage\":\"de\",\"potentialAction\":[{\"@type\":\"ReadAction\",\"target\":[\"https:\\\/\\\/belectric.com\\\/de\\\/projekte\\\/\"]}]},{\"@type\":\"BreadcrumbList\",\"@id\":\"https:\\\/\\\/belectric.com\\\/de\\\/projekte\\\/#breadcrumb\",\"itemListElement\":[{\"@type\":\"ListItem\",\"position\":1,\"name\":\"Startseite\",\"item\":\"https:\\\/\\\/belectric.com\\\/de\\\/\"},{\"@type\":\"ListItem\",\"position\":2,\"name\":\"Photovoltaik-Projekte\"}]},{\"@type\":\"WebSite\",\"@id\":\"https:\\\/\\\/belectric.com\\\/de\\\/#website\",\"url\":\"https:\\\/\\\/belectric.com\\\/de\\\/\",\"name\":\"BELECTRIC\",\"description\":\"360\u00b0 solution for ground-mounted solar power plants\",\"publisher\":{\"@id\":\"https:\\\/\\\/belectric.com\\\/de\\\/#organization\"},\"potentialAction\":[{\"@type\":\"SearchAction\",\"target\":{\"@type\":\"EntryPoint\",\"urlTemplate\":\"https:\\\/\\\/belectric.com\\\/de\\\/?s={search_term_string}\"},\"query-input\":{\"@type\":\"PropertyValueSpecification\",\"valueRequired\":true,\"valueName\":\"search_term_string\"}}],\"inLanguage\":\"de\"},{\"@type\":\"Organization\",\"@id\":\"https:\\\/\\\/belectric.com\\\/de\\\/#organization\",\"name\":\"BELECTRIC\",\"url\":\"https:\\\/\\\/belectric.com\\\/de\\\/\",\"logo\":{\"@type\":\"ImageObject\",\"inLanguage\":\"de\",\"@id\":\"https:\\\/\\\/belectric.com\\\/de\\\/#\\\/schema\\\/logo\\\/image\\\/\",\"url\":\"https:\\\/\\\/belectric.com\\\/wp-content\\\/uploads\\\/2023\\\/09\\\/belectric_member_logo_rgb.svg\",\"contentUrl\":\"https:\\\/\\\/belectric.com\\\/wp-content\\\/uploads\\\/2023\\\/09\\\/belectric_member_logo_rgb.svg\",\"width\":805,\"height\":100,\"caption\":\"BELECTRIC\"},\"image\":{\"@id\":\"https:\\\/\\\/belectric.com\\\/de\\\/#\\\/schema\\\/logo\\\/image\\\/\"},\"sameAs\":[\"https:\\\/\\\/www.facebook.com\\\/belectric.solar\\\/\",\"https:\\\/\\\/www.xing.com\\\/pages\\\/belectric\",\"https:\\\/\\\/www.linkedin.com\\\/company\\\/belectric-gmbh\\\/\",\"https:\\\/\\\/www.instagram.com\\\/belectric_solar\\\/\",\"https:\\\/\\\/www.youtube.com\\\/@BELECTRIC_GmbH\\\/videos\"]}]}<\/script>\n<!-- \/ Yoast SEO plugin. -->","yoast_head_json":{"title":"Photovoltaik-Projekte: Erfolgsgeschichten - BELECTRIC","description":"Seit unserem Gr\u00fcndungsjahr 2001 haben wir bei BELECTRIC weltweit mehr als 500 Photovoltaik-Projekte umgesetzt.","robots":{"index":"index","follow":"follow","max-snippet":"max-snippet:-1","max-image-preview":"max-image-preview:large","max-video-preview":"max-video-preview:-1"},"canonical":"https:\/\/belectric.com\/de\/projekte\/","og_locale":"de_DE","og_type":"article","og_title":"Photovoltaik-Projekte: Erfolgsgeschichten - BELECTRIC","og_description":"Seit unserem Gr\u00fcndungsjahr 2001 haben wir bei BELECTRIC weltweit mehr als 500 Photovoltaik-Projekte umgesetzt.","og_url":"https:\/\/belectric.com\/de\/projekte\/","og_site_name":"BELECTRIC","article_publisher":"https:\/\/www.facebook.com\/belectric.solar\/","article_modified_time":"2024-11-21T08:43:17+00:00","og_image":[{"width":1024,"height":693,"url":"https:\/\/belectric.com\/wp-content\/uploads\/2024\/07\/large-scale-photovoltaic-plants-floating-pv-1024x693.png","type":"image\/png"}],"twitter_card":"summary_large_image","twitter_misc":{"Gesch\u00e4tzte Lesezeit":"1\u00a0Minute"},"schema":{"@context":"https:\/\/schema.org","@graph":[{"@type":"WebPage","@id":"https:\/\/belectric.com\/de\/projekte\/","url":"https:\/\/belectric.com\/de\/projekte\/","name":"Photovoltaik-Projekte: Erfolgsgeschichten - BELECTRIC","isPartOf":{"@id":"https:\/\/belectric.com\/de\/#website"},"datePublished":"2023-10-12T12:30:35+00:00","dateModified":"2024-11-21T08:43:17+00:00","description":"Seit unserem Gr\u00fcndungsjahr 2001 haben wir bei BELECTRIC weltweit mehr als 500 Photovoltaik-Projekte umgesetzt.","breadcrumb":{"@id":"https:\/\/belectric.com\/de\/projekte\/#breadcrumb"},"inLanguage":"de","potentialAction":[{"@type":"ReadAction","target":["https:\/\/belectric.com\/de\/projekte\/"]}]},{"@type":"BreadcrumbList","@id":"https:\/\/belectric.com\/de\/projekte\/#breadcrumb","itemListElement":[{"@type":"ListItem","position":1,"name":"Startseite","item":"https:\/\/belectric.com\/de\/"},{"@type":"ListItem","position":2,"name":"Photovoltaik-Projekte"}]},{"@type":"WebSite","@id":"https:\/\/belectric.com\/de\/#website","url":"https:\/\/belectric.com\/de\/","name":"BELECTRIC","description":"360\u00b0 solution for ground-mounted solar power plants","publisher":{"@id":"https:\/\/belectric.com\/de\/#organization"},"potentialAction":[{"@type":"SearchAction","target":{"@type":"EntryPoint","urlTemplate":"https:\/\/belectric.com\/de\/?s={search_term_string}"},"query-input":{"@type":"PropertyValueSpecification","valueRequired":true,"valueName":"search_term_string"}}],"inLanguage":"de"},{"@type":"Organization","@id":"https:\/\/belectric.com\/de\/#organization","name":"BELECTRIC","url":"https:\/\/belectric.com\/de\/","logo":{"@type":"ImageObject","inLanguage":"de","@id":"https:\/\/belectric.com\/de\/#\/schema\/logo\/image\/","url":"https:\/\/belectric.com\/wp-content\/uploads\/2023\/09\/belectric_member_logo_rgb.svg","contentUrl":"https:\/\/belectric.com\/wp-content\/uploads\/2023\/09\/belectric_member_logo_rgb.svg","width":805,"height":100,"caption":"BELECTRIC"},"image":{"@id":"https:\/\/belectric.com\/de\/#\/schema\/logo\/image\/"},"sameAs":["https:\/\/www.facebook.com\/belectric.solar\/","https:\/\/www.xing.com\/pages\/belectric","https:\/\/www.linkedin.com\/company\/belectric-gmbh\/","https:\/\/www.instagram.com\/belectric_solar\/","https:\/\/www.youtube.com\/@BELECTRIC_GmbH\/videos"]}]}},"_links":{"self":[{"href":"https:\/\/belectric.com\/de\/wp-json\/wp\/v2\/pages\/1238","targetHints":{"allow":["GET"]}}],"collection":[{"href":"https:\/\/belectric.com\/de\/wp-json\/wp\/v2\/pages"}],"about":[{"href":"https:\/\/belectric.com\/de\/wp-json\/wp\/v2\/types\/page"}],"author":[{"embeddable":true,"href":"https:\/\/belectric.com\/de\/wp-json\/wp\/v2\/users\/1"}],"replies":[{"embeddable":true,"href":"https:\/\/belectric.com\/de\/wp-json\/wp\/v2\/comments?post=1238"}],"version-history":[{"count":8,"href":"https:\/\/belectric.com\/de\/wp-json\/wp\/v2\/pages\/1238\/revisions"}],"predecessor-version":[{"id":8535,"href":"https:\/\/belectric.com\/de\/wp-json\/wp\/v2\/pages\/1238\/revisions\/8535"}],"wp:attachment":[{"href":"https:\/\/belectric.com\/de\/wp-json\/wp\/v2\/media?parent=1238"}],"curies":[{"name":"wp","href":"https:\/\/api.w.org\/{rel}","templated":true}]}}